{"id":7968,"date":"2026-04-13T10:23:21","date_gmt":"2026-04-13T13:23:21","guid":{"rendered":"https:\/\/actusarcomprimido.com.br\/?post_type=product&#038;p=7968"},"modified":"2026-04-13T10:23:21","modified_gmt":"2026-04-13T13:23:21","slug":"solenoid-valve-1089062119","status":"publish","type":"product","link":"https:\/\/actusarcomprimido.com.br\/?product=solenoid-valve-1089062119","title":{"rendered":"Solenoid Valve 1089062119"},"content":{"rendered":"<p data-start=\"103\" data-end=\"266\">A v\u00e1lvula solenoide 1089062119 \u00e9 utilizada em compressores de ar de parafuso, sendo respons\u00e1vel pelo controle do fluxo de ar no sistema, como carga e descarga.Compat\u00edvel com equipamentos Atlas Copco e similares, oferece alta durabilidade e desempenho em aplica\u00e7\u00f5es industriais.<\/p>\n<h3 data-section-id=\"1sf9dhs\" data-start=\"397\" data-end=\"418\">\u00a0Especifica\u00e7\u00f5es<\/h3>\n<p>C\u00f3digo: 1089062119<\/p>\n<p>Tipo: V\u00e1lvula solenoide<\/p>\n<p>Aplica\u00e7\u00e3o: Compressores de ar industriais<\/p>\n<p>Tens\u00e3o: 24V \/ 110V \/ 220V (consultar)<\/p>\n<h3 data-section-id=\"h1w0j6\" data-start=\"580\" data-end=\"596\">Benef\u00edcios<\/h3>\n<p>Controle eficiente do sistema<\/p>\n<p>Alta confiabilidade<\/p>\n<p>F\u00e1cil substitui\u00e7\u00e3o<\/p>\n","protected":false},"excerpt":{"rendered":"<p>A v\u00e1lvula solenoide 1089062119 \u00e9 utilizada em compressores de ar de parafuso, sendo respons\u00e1vel pelo controle do fluxo de ar no sistema, como carga e descarga.Compat\u00edvel com equipamentos Atlas Copco e similares, oferece alta durabilidade e desempenho em aplica\u00e7\u00f5es industriais. \u00a0Especifica\u00e7\u00f5es C\u00f3digo: 1089062119 Tipo: V\u00e1lvula solenoide Aplica\u00e7\u00e3o: Compressores de ar industriais Tens\u00e3o: 24V \/ 110V \/ 220V (consultar) Benef\u00edcios Controle eficiente do sistema Alta confiabilidade F\u00e1cil substitui\u00e7\u00e3o<\/p>\n","protected":false},"featured_media":7970,"template":"","meta":[],"product_brand":[],"product_cat":[715],"product_tag":[],"class_list":{"0":"post-7968","1":"product","2":"type-product","3":"status-publish","4":"has-post-thumbnail","6":"product_cat-valvulas-menu","8":"first","9":"instock","10":"shipping-taxable","11":"product-type-simple"},"yoast_head":"<!-- This site is optimized with the Yoast SEO plugin v27.1.1 - https:\/\/yoast.com\/product\/yoast-seo-wordpress\/ -->\n<title>Solenoid Valve 1089062119 - Actus Ar Comprimido<\/title>\n<meta name=\"description\" content=\"A v\u00e1lvula solenoide \u00e9 um componente essencial para o controle autom\u00e1tico do fluxo de ar em sistemas de compressores industriais. Respons\u00e1vel pelas fun\u00e7\u00f5es de carga e descarga, garante opera\u00e7\u00e3o eficiente, r\u00e1pida resposta e alta confiabilidade. Ideal para aplica\u00e7\u00f5es em compressores de parafuso e outros sistemas pneum\u00e1ticos.\" \/>\n<meta name=\"robots\" content=\"index, follow, max-snippet:-1, max-image-preview:large, max-video-preview:-1\" \/>\n<link rel=\"canonical\" href=\"https:\/\/actusarcomprimido.com.br\/?product=solenoid-valve-1089062119\" \/>\n<meta property=\"og:locale\" content=\"pt_BR\" \/>\n<meta property=\"og:type\" content=\"article\" \/>\n<meta property=\"og:title\" content=\"Solenoid Valve 1089062119 - Actus Ar Comprimido\" \/>\n<meta property=\"og:description\" content=\"A v\u00e1lvula solenoide \u00e9 um componente essencial para o controle autom\u00e1tico do fluxo de ar em sistemas de compressores industriais. Respons\u00e1vel pelas fun\u00e7\u00f5es de carga e descarga, garante opera\u00e7\u00e3o eficiente, r\u00e1pida resposta e alta confiabilidade. Ideal para aplica\u00e7\u00f5es em compressores de parafuso e outros sistemas pneum\u00e1ticos.\" \/>\n<meta property=\"og:url\" content=\"https:\/\/actusarcomprimido.com.br\/?product=solenoid-valve-1089062119\" \/>\n<meta property=\"og:site_name\" content=\"Actus Ar Comprimido\" \/>\n<meta name=\"twitter:card\" content=\"summary_large_image\" \/>\n<meta name=\"twitter:label1\" content=\"Est. tempo de leitura\" \/>\n\t<meta name=\"twitter:data1\" content=\"1 minuto\" \/>\n<script type=\"application\/ld+json\" class=\"yoast-schema-graph\">{\"@context\":\"https:\/\/schema.org\",\"@graph\":[{\"@type\":\"WebPage\",\"@id\":\"https:\/\/actusarcomprimido.com.br\/?product=solenoid-valve-1089062119\",\"url\":\"https:\/\/actusarcomprimido.com.br\/?product=solenoid-valve-1089062119\",\"name\":\"Solenoid Valve 1089062119 - Actus Ar Comprimido\",\"isPartOf\":{\"@id\":\"http:\/\/actusarcomprimido.com.br\/#website\"},\"primaryImageOfPage\":{\"@id\":\"https:\/\/actusarcomprimido.com.br\/?product=solenoid-valve-1089062119#primaryimage\"},\"image\":{\"@id\":\"https:\/\/actusarcomprimido.com.br\/?product=solenoid-valve-1089062119#primaryimage\"},\"thumbnailUrl\":\"https:\/\/actusarcomprimido.com.br\/wp-content\/uploads\/IMAGEM-SOLENOID-VALVE-1089062119-1-pdf.jpg\",\"datePublished\":\"2026-04-13T13:23:21+00:00\",\"description\":\"A v\u00e1lvula solenoide \u00e9 um componente essencial para o controle autom\u00e1tico do fluxo de ar em sistemas de compressores industriais. Respons\u00e1vel pelas fun\u00e7\u00f5es de carga e descarga, garante opera\u00e7\u00e3o eficiente, r\u00e1pida resposta e alta confiabilidade. Ideal para aplica\u00e7\u00f5es em compressores de parafuso e outros sistemas pneum\u00e1ticos.\",\"breadcrumb\":{\"@id\":\"https:\/\/actusarcomprimido.com.br\/?product=solenoid-valve-1089062119#breadcrumb\"},\"inLanguage\":\"pt-BR\",\"potentialAction\":[{\"@type\":\"ReadAction\",\"target\":[\"https:\/\/actusarcomprimido.com.br\/?product=solenoid-valve-1089062119\"]}]},{\"@type\":\"ImageObject\",\"inLanguage\":\"pt-BR\",\"@id\":\"https:\/\/actusarcomprimido.com.br\/?product=solenoid-valve-1089062119#primaryimage\",\"url\":\"https:\/\/actusarcomprimido.com.br\/wp-content\/uploads\/IMAGEM-SOLENOID-VALVE-1089062119-1-pdf.jpg\",\"contentUrl\":\"https:\/\/actusarcomprimido.com.br\/wp-content\/uploads\/IMAGEM-SOLENOID-VALVE-1089062119-1-pdf.jpg\"},{\"@type\":\"BreadcrumbList\",\"@id\":\"https:\/\/actusarcomprimido.com.br\/?product=solenoid-valve-1089062119#breadcrumb\",\"itemListElement\":[{\"@type\":\"ListItem\",\"position\":1,\"name\":\"In\u00edcio\",\"item\":\"http:\/\/actusarcomprimido.com.br\/\"},{\"@type\":\"ListItem\",\"position\":2,\"name\":\"Loja\",\"item\":\"https:\/\/actusarcomprimido.com.br\/?page_id=2148\"},{\"@type\":\"ListItem\",\"position\":3,\"name\":\"Solenoid Valve 1089062119\"}]},{\"@type\":\"WebSite\",\"@id\":\"http:\/\/actusarcomprimido.com.br\/#website\",\"url\":\"http:\/\/actusarcomprimido.com.br\/\",\"name\":\"Actus Ar Comprimido\",\"description\":\"\",\"potentialAction\":[{\"@type\":\"SearchAction\",\"target\":{\"@type\":\"EntryPoint\",\"urlTemplate\":\"http:\/\/actusarcomprimido.com.br\/?s={search_term_string}\"},\"query-input\":{\"@type\":\"PropertyValueSpecification\",\"valueRequired\":true,\"valueName\":\"search_term_string\"}}],\"inLanguage\":\"pt-BR\"}]}<\/script>\n<!-- \/ Yoast SEO plugin. -->","yoast_head_json":{"title":"Solenoid Valve 1089062119 - Actus Ar Comprimido","description":"A v\u00e1lvula solenoide \u00e9 um componente essencial para o controle autom\u00e1tico do fluxo de ar em sistemas de compressores industriais. Respons\u00e1vel pelas fun\u00e7\u00f5es de carga e descarga, garante opera\u00e7\u00e3o eficiente, r\u00e1pida resposta e alta confiabilidade. Ideal para aplica\u00e7\u00f5es em compressores de parafuso e outros sistemas pneum\u00e1ticos.","robots":{"index":"index","follow":"follow","max-snippet":"max-snippet:-1","max-image-preview":"max-image-preview:large","max-video-preview":"max-video-preview:-1"},"canonical":"https:\/\/actusarcomprimido.com.br\/?product=solenoid-valve-1089062119","og_locale":"pt_BR","og_type":"article","og_title":"Solenoid Valve 1089062119 - Actus Ar Comprimido","og_description":"A v\u00e1lvula solenoide \u00e9 um componente essencial para o controle autom\u00e1tico do fluxo de ar em sistemas de compressores industriais. Respons\u00e1vel pelas fun\u00e7\u00f5es de carga e descarga, garante opera\u00e7\u00e3o eficiente, r\u00e1pida resposta e alta confiabilidade. Ideal para aplica\u00e7\u00f5es em compressores de parafuso e outros sistemas pneum\u00e1ticos.","og_url":"https:\/\/actusarcomprimido.com.br\/?product=solenoid-valve-1089062119","og_site_name":"Actus Ar Comprimido","twitter_card":"summary_large_image","twitter_misc":{"Est. tempo de leitura":"1 minuto"},"schema":{"@context":"https:\/\/schema.org","@graph":[{"@type":"WebPage","@id":"https:\/\/actusarcomprimido.com.br\/?product=solenoid-valve-1089062119","url":"https:\/\/actusarcomprimido.com.br\/?product=solenoid-valve-1089062119","name":"Solenoid Valve 1089062119 - Actus Ar Comprimido","isPartOf":{"@id":"http:\/\/actusarcomprimido.com.br\/#website"},"primaryImageOfPage":{"@id":"https:\/\/actusarcomprimido.com.br\/?product=solenoid-valve-1089062119#primaryimage"},"image":{"@id":"https:\/\/actusarcomprimido.com.br\/?product=solenoid-valve-1089062119#primaryimage"},"thumbnailUrl":"https:\/\/actusarcomprimido.com.br\/wp-content\/uploads\/IMAGEM-SOLENOID-VALVE-1089062119-1-pdf.jpg","datePublished":"2026-04-13T13:23:21+00:00","description":"A v\u00e1lvula solenoide \u00e9 um componente essencial para o controle autom\u00e1tico do fluxo de ar em sistemas de compressores industriais. Respons\u00e1vel pelas fun\u00e7\u00f5es de carga e descarga, garante opera\u00e7\u00e3o eficiente, r\u00e1pida resposta e alta confiabilidade. Ideal para aplica\u00e7\u00f5es em compressores de parafuso e outros sistemas pneum\u00e1ticos.","breadcrumb":{"@id":"https:\/\/actusarcomprimido.com.br\/?product=solenoid-valve-1089062119#breadcrumb"},"inLanguage":"pt-BR","potentialAction":[{"@type":"ReadAction","target":["https:\/\/actusarcomprimido.com.br\/?product=solenoid-valve-1089062119"]}]},{"@type":"ImageObject","inLanguage":"pt-BR","@id":"https:\/\/actusarcomprimido.com.br\/?product=solenoid-valve-1089062119#primaryimage","url":"https:\/\/actusarcomprimido.com.br\/wp-content\/uploads\/IMAGEM-SOLENOID-VALVE-1089062119-1-pdf.jpg","contentUrl":"https:\/\/actusarcomprimido.com.br\/wp-content\/uploads\/IMAGEM-SOLENOID-VALVE-1089062119-1-pdf.jpg"},{"@type":"BreadcrumbList","@id":"https:\/\/actusarcomprimido.com.br\/?product=solenoid-valve-1089062119#breadcrumb","itemListElement":[{"@type":"ListItem","position":1,"name":"In\u00edcio","item":"http:\/\/actusarcomprimido.com.br\/"},{"@type":"ListItem","position":2,"name":"Loja","item":"https:\/\/actusarcomprimido.com.br\/?page_id=2148"},{"@type":"ListItem","position":3,"name":"Solenoid Valve 1089062119"}]},{"@type":"WebSite","@id":"http:\/\/actusarcomprimido.com.br\/#website","url":"http:\/\/actusarcomprimido.com.br\/","name":"Actus Ar Comprimido","description":"","potentialAction":[{"@type":"SearchAction","target":{"@type":"EntryPoint","urlTemplate":"http:\/\/actusarcomprimido.com.br\/?s={search_term_string}"},"query-input":{"@type":"PropertyValueSpecification","valueRequired":true,"valueName":"search_term_string"}}],"inLanguage":"pt-BR"}]}},"acf":[],"_links":{"self":[{"href":"https:\/\/actusarcomprimido.com.br\/index.php?rest_route=\/wp\/v2\/product\/7968","targetHints":{"allow":["GET"]}}],"collection":[{"href":"https:\/\/actusarcomprimido.com.br\/index.php?rest_route=\/wp\/v2\/product"}],"about":[{"href":"https:\/\/actusarcomprimido.com.br\/index.php?rest_route=\/wp\/v2\/types\/product"}],"wp:featuredmedia":[{"embeddable":true,"href":"https:\/\/actusarcomprimido.com.br\/index.php?rest_route=\/wp\/v2\/media\/7970"}],"wp:attachment":[{"href":"https:\/\/actusarcomprimido.com.br\/index.php?rest_route=%2Fwp%2Fv2%2Fmedia&parent=7968"}],"wp:term":[{"taxonomy":"product_brand","embeddable":true,"href":"https:\/\/actusarcomprimido.com.br\/index.php?rest_route=%2Fwp%2Fv2%2Fproduct_brand&post=7968"},{"taxonomy":"product_cat","embeddable":true,"href":"https:\/\/actusarcomprimido.com.br\/index.php?rest_route=%2Fwp%2Fv2%2Fproduct_cat&post=7968"},{"taxonomy":"product_tag","embeddable":true,"href":"https:\/\/actusarcomprimido.com.br\/index.php?rest_route=%2Fwp%2Fv2%2Fproduct_tag&post=7968"}],"curies":[{"name":"wp","href":"https:\/\/api.w.org\/{rel}","templated":true}]}}